{"id":62,"date":"2021-11-03T16:19:41","date_gmt":"2021-11-03T20:19:41","guid":{"rendered":"https:\/\/quemcuidadocuidador.com.br\/?page_id=62"},"modified":"2021-11-03T16:33:40","modified_gmt":"2021-11-03T20:33:40","slug":"sobre","status":"publish","type":"page","link":"https:\/\/quemcuidadocuidador.com.br\/index.php\/sobre\/","title":{"rendered":"Sobre"},"content":{"rendered":"\n<div class=\"wp-block-cover alignfull has-background-dim-100 has-background-dim has-background-gradient\" style=\"min-height:600px\"><span aria-hidden=\"true\" class=\"wp-block-cover__gradient-background\" style=\"background:linear-gradient(180deg,rgb(255,255,255) 0%,rgba(0,0,0,0.28) 73%)\"><\/span><img loading=\"lazy\" width=\"2400\" height=\"1600\" class=\"wp-block-cover__image-background wp-image-66\" alt=\"\" src=\"https:\/\/quemcuidadocuidador.com.br\/wp-content\/uploads\/2021\/11\/banner-pagina-sobre.jpeg\" data-object-fit=\"cover\" srcset=\"https:\/\/quemcuidadocuidador.com.br\/wp-content\/uploads\/2021\/11\/banner-pagina-sobre.jpeg 2400w, https:\/\/quemcuidadocuidador.com.br\/wp-content\/uploads\/2021\/11\/banner-pagina-sobre-300x200.jpeg 300w, https:\/\/quemcuidadocuidador.com.br\/wp-content\/uploads\/2021\/11\/banner-pagina-sobre-1024x683.jpeg 1024w, https:\/\/quemcuidadocuidador.com.br\/wp-content\/uploads\/2021\/11\/banner-pagina-sobre-768x512.jpeg 768w, https:\/\/quemcuidadocuidador.com.br\/wp-content\/uploads\/2021\/11\/banner-pagina-sobre-1536x1024.jpeg 1536w, https:\/\/quemcuidadocuidador.com.br\/wp-content\/uploads\/2021\/11\/banner-pagina-sobre-2048x1365.jpeg 2048w\" sizes=\"(max-width: 2400px) 100vw, 2400px\" \/><div class=\"wp-block-cover__inner-container\">\n<p style=\"font-size:60px\">Conhe\u00e7a o projeto<\/p>\n<\/div><\/div>\n\n\n\n<section class=\"wp-block-uagb-section uagb-section__wrap uagb-section__background-undefined uagb-block-8b0570dd\"><div class=\"uagb-section__overlay\"><\/div><div class=\"uagb-section__inner-wrap\">\n<h5>Algumas palavras<\/h5>\n\n\n\n<h2>Quem cuida do cuidador?<\/h2>\n\n\n\n<div class=\"wp-block-image is-style-default\"><figure class=\"alignright size-full is-resized\"><img loading=\"lazy\" src=\"https:\/\/quemcuidadocuidador.com.br\/wp-content\/uploads\/2021\/11\/Perfil-png.png\" alt=\"\" class=\"wp-image-67\" width=\"477\" height=\"458\" srcset=\"https:\/\/quemcuidadocuidador.com.br\/wp-content\/uploads\/2021\/11\/Perfil-png.png 953w, https:\/\/quemcuidadocuidador.com.br\/wp-content\/uploads\/2021\/11\/Perfil-png-300x288.png 300w, https:\/\/quemcuidadocuidador.com.br\/wp-content\/uploads\/2021\/11\/Perfil-png-768x737.png 768w\" sizes=\"(max-width: 477px) 100vw, 477px\" \/><\/figure><\/div>\n\n\n\n<p>\u00c0 luz dessa pergunta, encontro me a refletir o quanto a palavra cuidador abarca um grande n\u00famero de pessoas, \u00e0s vezes como profissionais a ganhar um sal\u00e1rio para exercer esta fun\u00e7\u00e3o. Mas, vezes h\u00e1 que nos tornamos cuidadores porque a vida nos pregou uma pe\u00e7a ou duas. E quando isso acontece, precisamos nos adaptar \u00e0s circunst\u00e2ncias com rapidez e efici\u00eancia.<\/p>\n\n\n\n<p>Perten\u00e7o \u00e0 segunda categoria. H\u00e1 mais de duas d\u00e9cadas meu pai teve um AVC, tornando-se uma pessoa dependente com dificuldade de fala e locomo\u00e7\u00e3o.<\/p>\n\n\n\n<p>Quando meu filho Pedro Henrique nasceu, assim como qualquer outra m\u00e3e o achei o ser mais perfeito do universo, at\u00e9 que aos dois anos ele recebeu o diagn\u00f3stico de epilepsia miocl\u00f4nica ast\u00e1tica.<\/p>\n\n\n\n<p>Hoje meu filho tem 18 anos, agora tamb\u00e9m sei que ele tem s\u00edndrome de espectro autista. Em 2018 decidi que precisava fazer algo por mim mesma. Ent\u00e3o decidi escrever. Este ato me trouxe muita alegria e liberdade.<\/p>\n\n\n\n<p>Com a chegada da pandemia, precisei me reinventar novamente. Pois fiquei sozinha com meu pai e meu filho e continuava precisando: ir ao mercado, farm\u00e1cia, fazer compras, pagar contas e levar meu filho \u00e0 fisioterapia. Ent\u00e3o me peguei indagando: Quem cuida do cuidador? O que eu posso fazer para essa nova carga ser mais leve? Como vou dar conta de tantas responsabilidades sozinha? Posso contar com a ajuda de quem? <\/p>\n\n\n\n<p>Acredito que depois de um ano e meio de pandemia e mais 25 anos a cuidar de meu pai, consegui ter percep\u00e7\u00e3o das a\u00e7\u00f5es que deram bons resultados, as que n\u00e3o deram certo e o que se pode construir para a jornada do cuidador ser mais suave visando alcan\u00e7ar a\u00e7\u00f5es mais efetivas. <\/p>\n\n\n\n<p>Portanto, nesse blog \u201cQuem cuida do cuidador\u201d voc\u00ea encontrar\u00e1: textos, entrevistas com pessoas que j\u00e1 vivenciaram situa\u00e7\u00f5es semelhantes, ou profissionais especializados que ter\u00e3o como objetivo refletir e responder sobre as quest\u00f5es do cotidiano. Bem como, poesias como forma de alento para nossos cora\u00e7\u00f5es\u2026 <\/p>\n\n\n\n<p>Quem sou? Sou a C\u00edcera Alves Feitosa, professora, escritora amadora, filha de El\u00edrio Alves Feitosa e Maria Anunciata da Concei\u00e7\u00e3o e m\u00e3e do Pedro Henrique Feitosa Arruda, ambos s\u00e3o a raz\u00e3o da minha transforma\u00e7\u00e3o em cuidadora por tempo integral e de passar a ter um olhar mais humanizado.<\/p>\n\n\n\n<h2><strong>Cicera A Feitosa.<\/strong><\/h2>\n<\/div><\/section>\n","protected":false},"excerpt":{"rendered":"","protected":false},"author":1,"featured_media":0,"parent":0,"menu_order":0,"comment_status":"closed","ping_status":"closed","template":"","meta":{"om_disable_all_campaigns":false,"_monsterinsights_skip_tracking":false,"_monsterinsights_sitenote_active":false,"_monsterinsights_sitenote_note":"","_monsterinsights_sitenote_category":0,"site-sidebar-layout":"","site-content-layout":"","ast-main-header-display":"","ast-hfb-above-header-display":"","ast-hfb-below-header-display":"","ast-hfb-mobile-header-display":"","site-post-title":"disabled","ast-breadcrumbs-content":"disabled","ast-featured-img":"disabled","footer-sml-layout":"","theme-transparent-header-meta":"","adv-header-id-meta":"","stick-header-meta":"","header-above-stick-meta":"","header-main-stick-meta":"","header-below-stick-meta":""},"uagb_featured_image_src":{"full":false,"thumbnail":false,"medium":false,"medium_large":false,"large":false,"1536x1536":false,"2048x2048":false},"uagb_author_info":{"display_name":"admin","author_link":"https:\/\/quemcuidadocuidador.com.br\/index.php\/author\/admin\/"},"uagb_comment_info":0,"uagb_excerpt":null,"_links":{"self":[{"href":"https:\/\/quemcuidadocuidador.com.br\/index.php\/wp-json\/wp\/v2\/pages\/62"}],"collection":[{"href":"https:\/\/quemcuidadocuidador.com.br\/index.php\/wp-json\/wp\/v2\/pages"}],"about":[{"href":"https:\/\/quemcuidadocuidador.com.br\/index.php\/wp-json\/wp\/v2\/types\/page"}],"author":[{"embeddable":true,"href":"https:\/\/quemcuidadocuidador.com.br\/index.php\/wp-json\/wp\/v2\/users\/1"}],"replies":[{"embeddable":true,"href":"https:\/\/quemcuidadocuidador.com.br\/index.php\/wp-json\/wp\/v2\/comments?post=62"}],"version-history":[{"count":5,"href":"https:\/\/quemcuidadocuidador.com.br\/index.php\/wp-json\/wp\/v2\/pages\/62\/revisions"}],"predecessor-version":[{"id":73,"href":"https:\/\/quemcuidadocuidador.com.br\/index.php\/wp-json\/wp\/v2\/pages\/62\/revisions\/73"}],"wp:attachment":[{"href":"https:\/\/quemcuidadocuidador.com.br\/index.php\/wp-json\/wp\/v2\/media?parent=62"}],"curies":[{"name":"wp","href":"https:\/\/api.w.org\/{rel}","templated":true}]}}